{"id":11,"date":"2020-02-21T11:25:52","date_gmt":"2020-02-21T11:25:52","guid":{"rendered":"http:\/\/waffen-schroeter.de\/?page_id=11"},"modified":"2020-02-21T11:57:17","modified_gmt":"2020-02-21T11:57:17","slug":"ladengeschaeft","status":"publish","type":"page","link":"https:\/\/waffen-schroeter.de\/?page_id=11","title":{"rendered":"Ladengesch\u00e4ft"},"content":{"rendered":"\n<p>Unser \nLieferprogramm umfasst die Bereiche der Jagd, des Sportschie\u00dfens und des\n Freizeitschie\u00dfens. Neben dem Verkauf von Waffen, Munition, Optik und \nTreibladungspulver haben wir auch ein ausgew\u00e4hltes Zubeh\u00f6rsortiment.<\/p>\n\n\n\n<p>Zubeh\u00f6r f\u00fcr die Wildpretgeweinnung und Fleischhygiene, Troph\u00e4enbehandlung,<br>Gewehrriemen, Hundeartikel, Revierbedarf, Geschenkartikel, Fallen,<br>Waffenpflege, Messer, &#8230;<\/p>\n\n\n\n<p class=\"has-text-color has-vivid-red-color\">Hinweis:<br>Waffen  und Munition werden nur gegen g\u00fcltige Erwerbsberechtigung (WBK,  Jagdschein) verkauft. Treibladungspulver nur gegen Sprengstoffrechtl.  Genehmigung (\u00a727).<br>Messer und freie Waffen nur an Personen \u00fcber 18 Jahre. <br><br><br><br><br><strong>Vorbestellungen f\u00fcr Treibladungspulver bitte immer bis Monatsmitte !<\/strong><\/p>\n\n\n\n<p><a href=\"https:\/\/waffen-schroeter.de\/?page_id=9\">zur\u00fcck<\/a><\/p>\n","protected":false},"excerpt":{"rendered":"<p>Unser Lieferprogramm umfasst die Bereiche der Jagd, des Sportschie\u00dfens und des Freizeitschie\u00dfens. Neben dem Verkauf von Waffen, Munition, Optik und Treibladungspulver haben wir auch ein ausgew\u00e4hltes Zubeh\u00f6rsortiment. Zubeh\u00f6r f\u00fcr die Wildpretgeweinnung und Fleischhygiene, Troph\u00e4enbehandlung,Gewehrriemen, Hundeartikel, Revierbedarf, Geschenkartikel, Fallen,Waffenpflege, Messer, &#8230; Hinweis:Waffen und Munition werden nur gegen g\u00fcltige Erwerbsberechtigung (WBK, Jagdschein) verkauft. Treibladungspulver nur gegen Sprengstoffrechtl. &hellip; <\/p>\n<p class=\"link-more\"><a href=\"https:\/\/waffen-schroeter.de\/?page_id=11\" class=\"more-link\"><span class=\"screen-reader-text\">\u201eLadengesch\u00e4ft\u201c<\/span> weiterlesen<\/a><\/p>\n","protected":false},"author":1,"featured_media":0,"parent":0,"menu_order":0,"comment_status":"closed","ping_status":"closed","template":"","meta":{"footnotes":""},"class_list":["post-11","page","type-page","status-publish","hentry"],"_links":{"self":[{"href":"https:\/\/waffen-schroeter.de\/index.php?rest_route=\/wp\/v2\/pages\/11","targetHints":{"allow":["GET"]}}],"collection":[{"href":"https:\/\/waffen-schroeter.de\/index.php?rest_route=\/wp\/v2\/pages"}],"about":[{"href":"https:\/\/waffen-schroeter.de\/index.php?rest_route=\/wp\/v2\/types\/page"}],"author":[{"embeddable":true,"href":"https:\/\/waffen-schroeter.de\/index.php?rest_route=\/wp\/v2\/users\/1"}],"replies":[{"embeddable":true,"href":"https:\/\/waffen-schroeter.de\/index.php?rest_route=%2Fwp%2Fv2%2Fcomments&post=11"}],"version-history":[{"count":3,"href":"https:\/\/waffen-schroeter.de\/index.php?rest_route=\/wp\/v2\/pages\/11\/revisions"}],"predecessor-version":[{"id":82,"href":"https:\/\/waffen-schroeter.de\/index.php?rest_route=\/wp\/v2\/pages\/11\/revisions\/82"}],"wp:attachment":[{"href":"https:\/\/waffen-schroeter.de\/index.php?rest_route=%2Fwp%2Fv2%2Fmedia&parent=11"}],"curies":[{"name":"wp","href":"https:\/\/api.w.org\/{rel}","templated":true}]}}