{"id":13,"date":"2020-02-21T11:25:52","date_gmt":"2020-02-21T11:25:52","guid":{"rendered":"http:\/\/waffen-schroeter.de\/?page_id=13"},"modified":"2020-02-21T11:45:13","modified_gmt":"2020-02-21T11:45:13","slug":"ueber-uns","status":"publish","type":"page","link":"https:\/\/waffen-schroeter.de\/?page_id=13","title":{"rendered":"\u00dcber uns"},"content":{"rendered":"\n<table class=\"wp-block-table alignleft has-subtle-pale-green-background-color has-background is-style-regular\"><tbody><tr><td>1994 wurde der Waffenhandel Schr\u00f6ter vom<br> Ing. Hartmut Schr\u00f6ter gegr\u00fcndet.<br>Was  in einem Raum begann wurde kontinuierlich bis zur heutigen Gr\u00f6\u00dfe <br>nach  und nach aufgebaut. Sohn Marcel Schr\u00f6ter arbeitete nach seiner<br>Berufsausbildung zum B\u00fcchsenmacher in Suhl (1997 &#8211; 2000) im Betrieb mit.  Nach der Meisterschule von 2001 bis 2003 in Suhl trug unser<br>Familienbetrieb den Zusatz &#8222;B\u00fcchsenmachermeisterbetrieb&#8220;. <br><br>Im September 2016 ging der Gr\u00fcnder Hartmut Schr\u00f6ter in den wohlverdienten Ruhestand und beendete den Gesch\u00e4ftsbetrieb.<br>\u00a0\u00a0<br>Zum 01. September 2016 wurde an gleicher Stelle der<br> &#8222;Waffenfachhandel und B\u00fcchsenmachermeisterbetrieb Schr\u00f6ter&#8220;<br>durch Marcel Schr\u00f6ter neu gegr\u00fcndet.<br>\u00a0\u00a0<br>Als  langj\u00e4hrige aktive Sportsch\u00fctzen im Th\u00fcringer Sch\u00fctzenbund und im BDMP  mit erfolgreicher Teilnahme an Kreis- und Landesmeisterschaften &#8211;  gleicherma\u00dfen als aktive J\u00e4ger und Jagdsch\u00fctzen und Jagdausbilder wissen  wir, wovon wir reden. Unsere Erfahrungen bringen wir bei der Beratung  selbstverst\u00e4ndlich mit ein. <br>\u00a0\u00a0 <\/td><td><\/td><\/tr><\/tbody><\/table>\n","protected":false},"excerpt":{"rendered":"<p>1994 wurde der Waffenhandel Schr\u00f6ter vom Ing. Hartmut Schr\u00f6ter gegr\u00fcndet.Was in einem Raum begann wurde kontinuierlich bis zur heutigen Gr\u00f6\u00dfe nach und nach aufgebaut. Sohn Marcel Schr\u00f6ter arbeitete nach seinerBerufsausbildung zum B\u00fcchsenmacher in Suhl (1997 &#8211; 2000) im Betrieb mit. Nach der Meisterschule von 2001 bis 2003 in Suhl trug unserFamilienbetrieb den Zusatz &#8222;B\u00fcchsenmachermeisterbetrieb&#8220;. Im &hellip; <\/p>\n<p class=\"link-more\"><a href=\"https:\/\/waffen-schroeter.de\/?page_id=13\" class=\"more-link\"><span class=\"screen-reader-text\">\u201e\u00dcber uns\u201c<\/span> weiterlesen<\/a><\/p>\n","protected":false},"author":1,"featured_media":0,"parent":0,"menu_order":0,"comment_status":"closed","ping_status":"closed","template":"","meta":{"footnotes":""},"class_list":["post-13","page","type-page","status-publish","hentry"],"_links":{"self":[{"href":"https:\/\/waffen-schroeter.de\/index.php?rest_route=\/wp\/v2\/pages\/13","targetHints":{"allow":["GET"]}}],"collection":[{"href":"https:\/\/waffen-schroeter.de\/index.php?rest_route=\/wp\/v2\/pages"}],"about":[{"href":"https:\/\/waffen-schroeter.de\/index.php?rest_route=\/wp\/v2\/types\/page"}],"author":[{"embeddable":true,"href":"https:\/\/waffen-schroeter.de\/index.php?rest_route=\/wp\/v2\/users\/1"}],"replies":[{"embeddable":true,"href":"https:\/\/waffen-schroeter.de\/index.php?rest_route=%2Fwp%2Fv2%2Fcomments&post=13"}],"version-history":[{"count":2,"href":"https:\/\/waffen-schroeter.de\/index.php?rest_route=\/wp\/v2\/pages\/13\/revisions"}],"predecessor-version":[{"id":73,"href":"https:\/\/waffen-schroeter.de\/index.php?rest_route=\/wp\/v2\/pages\/13\/revisions\/73"}],"wp:attachment":[{"href":"https:\/\/waffen-schroeter.de\/index.php?rest_route=%2Fwp%2Fv2%2Fmedia&parent=13"}],"curies":[{"name":"wp","href":"https:\/\/api.w.org\/{rel}","templated":true}]}}