{"id":15,"date":"2020-02-21T11:25:52","date_gmt":"2020-02-21T11:25:52","guid":{"rendered":"http:\/\/waffen-schroeter.de\/?page_id=15"},"modified":"2020-02-21T11:35:56","modified_gmt":"2020-02-21T11:35:56","slug":"anfahrt","status":"publish","type":"page","link":"https:\/\/waffen-schroeter.de\/?page_id=15","title":{"rendered":"Anfahrt"},"content":{"rendered":"\n<p>\nSie\n finden uns im Norden Th\u00fcringens im S\u00fcdharzer Vorland. Der Ort Werther \nim Landkreis Nordhausen ist verkehrsg\u00fcnstig direkt an der A38 \n(Anschlu\u00dfstelle 10) und B80 (jetzt L3080) sowie unweit der B4 gelegen.<\/p>\n\n\n\n<p>Unser Gesch\u00e4ft befindet sich im Ortsteil Gro\u00dfwerther hinter der Kirche (gut sichtbar).\n\n<\/p>\n","protected":false},"excerpt":{"rendered":"<p>Sie finden uns im Norden Th\u00fcringens im S\u00fcdharzer Vorland. Der Ort Werther im Landkreis Nordhausen ist verkehrsg\u00fcnstig direkt an der A38 (Anschlu\u00dfstelle 10) und B80 (jetzt L3080) sowie unweit der B4 gelegen. Unser Gesch\u00e4ft befindet sich im Ortsteil Gro\u00dfwerther hinter der Kirche (gut sichtbar).<\/p>\n","protected":false},"author":1,"featured_media":0,"parent":0,"menu_order":0,"comment_status":"closed","ping_status":"closed","template":"","meta":{"footnotes":""},"class_list":["post-15","page","type-page","status-publish","hentry"],"_links":{"self":[{"href":"https:\/\/waffen-schroeter.de\/index.php?rest_route=\/wp\/v2\/pages\/15","targetHints":{"allow":["GET"]}}],"collection":[{"href":"https:\/\/waffen-schroeter.de\/index.php?rest_route=\/wp\/v2\/pages"}],"about":[{"href":"https:\/\/waffen-schroeter.de\/index.php?rest_route=\/wp\/v2\/types\/page"}],"author":[{"embeddable":true,"href":"https:\/\/waffen-schroeter.de\/index.php?rest_route=\/wp\/v2\/users\/1"}],"replies":[{"embeddable":true,"href":"https:\/\/waffen-schroeter.de\/index.php?rest_route=%2Fwp%2Fv2%2Fcomments&post=15"}],"version-history":[{"count":2,"href":"https:\/\/waffen-schroeter.de\/index.php?rest_route=\/wp\/v2\/pages\/15\/revisions"}],"predecessor-version":[{"id":66,"href":"https:\/\/waffen-schroeter.de\/index.php?rest_route=\/wp\/v2\/pages\/15\/revisions\/66"}],"wp:attachment":[{"href":"https:\/\/waffen-schroeter.de\/index.php?rest_route=%2Fwp%2Fv2%2Fmedia&parent=15"}],"curies":[{"name":"wp","href":"https:\/\/api.w.org\/{rel}","templated":true}]}}