{"id":9,"date":"2020-02-21T11:25:52","date_gmt":"2020-02-21T11:25:52","guid":{"rendered":"http:\/\/waffen-schroeter.de\/?page_id=9"},"modified":"2020-02-21T11:59:20","modified_gmt":"2020-02-21T11:59:20","slug":"leistungen","status":"publish","type":"page","link":"https:\/\/waffen-schroeter.de\/?page_id=9","title":{"rendered":"Leistungen"},"content":{"rendered":"\n<table class=\"wp-block-table\"><tbody><tr><td>Waffenhandel Schr\u00f6ter ist Ihr kompetenter Partner rund um alle Fragen der Jagd, <br>des Sportschie\u00dfen und des Zubeh\u00f6rsektors. <br>Unsere St\u00e4rken liegen in der Kundenorientierung und der Vielseitigkeit unseres <br>Angebotsspektrums.\u00a0Als  B\u00fcchsenmachermeisterbetrieb bieten wir Ihnen <br>fachm\u00e4nnisches Handwerk  und kompetente, pers\u00f6nliche Beratung. <br>Auch f\u00fcr au\u00dfergew\u00f6hnliche W\u00fcnsche  und Fragen finden Sie bei uns geh\u00f6r. <br>Wenn es technisch m\u00f6glich und  sinnvoll ist, soll auch der Durchf\u00fchrung nichts im<br>Wege stehen.<br><br>Als  freier H\u00e4ndler k\u00f6nnen wir Ihnen die ganze Bandbreite des Segmentes  anbieten bzw. auf Wunsch besorgen. Suchen Sie etwas bestimmtes &#8211; es gibt  mehr als in den &#8222;gro\u00dfen Katalogen&#8220; abgedruckt &#8211; Fragen Sie ruhig &#8230;\u00a0 <\/td><td>&nbsp;<\/td><\/tr><\/tbody><\/table>\n\n\n\n<div class=\"wp-block-button is-style-outline is-style-outline--1\"><a class=\"wp-block-button__link has-text-color has-very-light-gray-color has-background has-luminous-vivid-orange-background-color\" href=\"https:\/\/waffen-schroeter.de\/?page_id=10\">B\u00fcchsenmacherei<\/a><\/div>\n\n\n\n<div class=\"wp-block-button is-style-outline is-style-outline--2\"><a class=\"wp-block-button__link has-text-color has-very-light-gray-color has-background has-luminous-vivid-orange-background-color\" href=\"https:\/\/waffen-schroeter.de\/?page_id=11\">Waffenladen<\/a><\/div>\n\n\n\n<div class=\"wp-block-button is-style-outline is-style-outline--3\"><a class=\"wp-block-button__link has-text-color has-very-light-gray-color has-background has-luminous-vivid-orange-background-color\" href=\"https:\/\/waffen-schroeter.de\/?page_id=12\">Service<\/a><\/div>\n","protected":false},"excerpt":{"rendered":"<p>Waffenhandel Schr\u00f6ter ist Ihr kompetenter Partner rund um alle Fragen der Jagd, des Sportschie\u00dfen und des Zubeh\u00f6rsektors. Unsere St\u00e4rken liegen in der Kundenorientierung und der Vielseitigkeit unseres Angebotsspektrums.\u00a0Als B\u00fcchsenmachermeisterbetrieb bieten wir Ihnen fachm\u00e4nnisches Handwerk und kompetente, pers\u00f6nliche Beratung. Auch f\u00fcr au\u00dfergew\u00f6hnliche W\u00fcnsche und Fragen finden Sie bei uns geh\u00f6r. Wenn es technisch m\u00f6glich und sinnvoll &hellip; <\/p>\n<p class=\"link-more\"><a href=\"https:\/\/waffen-schroeter.de\/?page_id=9\" class=\"more-link\"><span class=\"screen-reader-text\">\u201eLeistungen\u201c<\/span> weiterlesen<\/a><\/p>\n","protected":false},"author":1,"featured_media":0,"parent":0,"menu_order":0,"comment_status":"closed","ping_status":"closed","template":"","meta":{"footnotes":""},"class_list":["post-9","page","type-page","status-publish","hentry"],"_links":{"self":[{"href":"https:\/\/waffen-schroeter.de\/index.php?rest_route=\/wp\/v2\/pages\/9","targetHints":{"allow":["GET"]}}],"collection":[{"href":"https:\/\/waffen-schroeter.de\/index.php?rest_route=\/wp\/v2\/pages"}],"about":[{"href":"https:\/\/waffen-schroeter.de\/index.php?rest_route=\/wp\/v2\/types\/page"}],"author":[{"embeddable":true,"href":"https:\/\/waffen-schroeter.de\/index.php?rest_route=\/wp\/v2\/users\/1"}],"replies":[{"embeddable":true,"href":"https:\/\/waffen-schroeter.de\/index.php?rest_route=%2Fwp%2Fv2%2Fcomments&post=9"}],"version-history":[{"count":4,"href":"https:\/\/waffen-schroeter.de\/index.php?rest_route=\/wp\/v2\/pages\/9\/revisions"}],"predecessor-version":[{"id":84,"href":"https:\/\/waffen-schroeter.de\/index.php?rest_route=\/wp\/v2\/pages\/9\/revisions\/84"}],"wp:attachment":[{"href":"https:\/\/waffen-schroeter.de\/index.php?rest_route=%2Fwp%2Fv2%2Fmedia&parent=9"}],"curies":[{"name":"wp","href":"https:\/\/api.w.org\/{rel}","templated":true}]}}